{"id":35,"date":"2016-12-29T12:56:56","date_gmt":"2016-12-29T12:56:56","guid":{"rendered":"https:\/\/themify.me\/demo\/themes\/ultra-lawyer\/?page_id=134"},"modified":"2021-01-26T11:26:39","modified_gmt":"2021-01-26T11:26:39","slug":"news","status":"publish","type":"page","link":"https:\/\/worldservice.it\/index.php\/news\/","title":{"rendered":"News"},"content":{"rendered":"<!--themify_builder_content-->\n<div id=\"themify_builder_content-35\" data-postid=\"35\" class=\"themify_builder_content themify_builder_content-35 themify_builder tf_clear\">\n    \t<!-- module_row -->\n\t<div  data-lazy=\"1\" class=\"module_row themify_builder_row tb_xdbh099 tb_first tf_clearfix\">\n\t    \t\t<div class=\"row_inner col_align_top col-count-1 tf_box tf_w tf_rel\">\n\t\t\t<div  data-lazy=\"1\" class=\"module_column tb-column col-full first tb_cmtg000 tf_box\">\n\t\t\t    \t        <div class=\"tb-column-inner tf_box tf_w\">\n\t\t        <!-- module post -->\n    <div  class=\"module module-post tb_7uw8099 \">\n                <div  class=\"builder-posts-wrap loops-wrapper list-post classic tf_clear tf_clearfix\" data-lazy=\"1\">\n            <article id=\"post-1832\" class=\"post tf_clearfix post-1832 type-post status-publish format-standard has-post-thumbnail hentry category-news tag-ambiente tag-world-service-ambiente-e-pulizia has-post-title has-post-date has-post-category has-post-tag has-post-comment has-post-author \">\n\t    \n\t\t\t\t<figure class=\"post-image tf_clearfix\">\n\t\t\t    \t\t\t\t\t\t\t\t<a href=\"https:\/\/worldservice.it\/index.php\/2026\/01\/28\/world-service-igiene-ambientale-da-oltre-20-anni\/\">\n\t\t\t\t\t\t\t\t<img decoding=\"async\" loading=\"lazy\" src=\"https:\/\/worldservice.it\/wp-content\/uploads\/2026\/01\/2801-WS-Blog-826x470.jpg\" width=\"826\" height=\"470\" class=\"wp-post-image wp-image-1833\" title=\"2801-WS-Blog\" alt=\"2801-WS-Blog\" srcset=\"https:\/\/worldservice.it\/wp-content\/uploads\/2026\/01\/2801-WS-Blog.jpg 826w, https:\/\/worldservice.it\/wp-content\/uploads\/2026\/01\/2801-WS-Blog-300x171.jpg 300w, https:\/\/worldservice.it\/wp-content\/uploads\/2026\/01\/2801-WS-Blog-768x437.jpg 768w\" sizes=\"(max-width: 826px) 100vw, 826px\" \/>\t\t\t\t\t\t\t\t    \t\t\t\t<\/a>\n\t\t\t\t\t\t\t    \t\t\t<\/figure>\n\t\t\t\t<div class=\"post-content\">\n\t\t<div class=\"post-content-inner\">\n\n\t\t\t\t\t\t\t\t<div class=\"post-date-wrap post-date-inline\">\n\t\t<time class=\"post-date entry-date updated\" datetime=\"2026-01-28\">\n\t\t\t\t\t<span class=\"year\">Gennaio 28, 2026<\/span>\n\t\t\t\t<\/time>\n\t<\/div><!-- .post-date-wrap -->\n\t\t\t\t\n\t\t\t<h2 class=\"post-title entry-title\"><a href=\"https:\/\/worldservice.it\/index.php\/2026\/01\/28\/world-service-igiene-ambientale-da-oltre-20-anni\/\">World Service: igiene ambientale da oltre 20 anni<\/a><\/h2>\n\t\t\t\n\t\t\t\n\t\t\t\t<div class=\"entry-content\">\n\n        \n\t\t<p>Da oltre vent\u2019anni World Service opera nel campo dei servizi di igiene ambientale, con lo sguardo sempre rivolto alle innovazioni. La cultura della legalit\u00e0, la cura del cliente, la professionalit\u00e0 e il rispetto per l\u2019ambiente sono i punti fermi che guidano ogni intervento, ogni giorno. Certificazioni di qualit\u00e0, sicurezza, ambiente e responsabilit\u00e0 sociale testimoniano un [&hellip;]<\/p>\n\n\t\t\n\t    \n\t<\/div><!-- \/.entry-content -->\n\t\n\t\t<\/div>\n\t\t<!-- \/.post-content-inner -->\n\t<\/div>\n\t<!-- \/.post-content -->\n\t\n<\/article>\n<!-- \/.post -->\n<article id=\"post-1829\" class=\"post tf_clearfix post-1829 type-post status-publish format-standard has-post-thumbnail hentry category-news tag-chiusura-uffici tag-natale-2025 tag-world-service-ambiente-e-pulizia has-post-title has-post-date has-post-category has-post-tag has-post-comment has-post-author \">\n\t    \n\t\t\t\t<figure class=\"post-image tf_clearfix\">\n\t\t\t    \t\t\t\t\t\t\t\t<a href=\"https:\/\/worldservice.it\/index.php\/2025\/12\/17\/chiusura-uffici-per-festivita-natalizie\/\">\n\t\t\t\t\t\t\t\t<img decoding=\"async\" loading=\"lazy\" src=\"https:\/\/worldservice.it\/wp-content\/uploads\/2025\/12\/1712-WS-Blog-826x470.jpg\" width=\"826\" height=\"470\" class=\"wp-post-image wp-image-1830\" title=\"1712-WS-Blog\" alt=\"1712-WS-Blog\" srcset=\"https:\/\/worldservice.it\/wp-content\/uploads\/2025\/12\/1712-WS-Blog.jpg 826w, https:\/\/worldservice.it\/wp-content\/uploads\/2025\/12\/1712-WS-Blog-300x171.jpg 300w, https:\/\/worldservice.it\/wp-content\/uploads\/2025\/12\/1712-WS-Blog-768x437.jpg 768w\" sizes=\"(max-width: 826px) 100vw, 826px\" \/>\t\t\t\t\t\t\t\t    \t\t\t\t<\/a>\n\t\t\t\t\t\t\t    \t\t\t<\/figure>\n\t\t\t\t<div class=\"post-content\">\n\t\t<div class=\"post-content-inner\">\n\n\t\t\t\t\t\t\t\t<div class=\"post-date-wrap post-date-inline\">\n\t\t<time class=\"post-date entry-date updated\" datetime=\"2025-12-17\">\n\t\t\t\t\t<span class=\"year\">Dicembre 17, 2025<\/span>\n\t\t\t\t<\/time>\n\t<\/div><!-- .post-date-wrap -->\n\t\t\t\t\n\t\t\t<h2 class=\"post-title entry-title\"><a href=\"https:\/\/worldservice.it\/index.php\/2025\/12\/17\/chiusura-uffici-per-festivita-natalizie\/\">Chiusura uffici per festivit\u00e0 natalizie<\/a><\/h2>\n\t\t\t\n\t\t\t\n\t\t\t\t<div class=\"entry-content\">\n\n        \n\t\t<p>I nostri uffici rimarranno chiusi il 24 e il 31 dicembre e il 2 e il 5 gennaio. Noi vi auguriamo Buone Feste.<\/p>\n\n\t\t\n\t    \n\t<\/div><!-- \/.entry-content -->\n\t\n\t\t<\/div>\n\t\t<!-- \/.post-content-inner -->\n\t<\/div>\n\t<!-- \/.post-content -->\n\t\n<\/article>\n<!-- \/.post -->\n<article id=\"post-1826\" class=\"post tf_clearfix post-1826 type-post status-publish format-standard has-post-thumbnail hentry category-uncategorized tag-settimana-europea-per-la-riduzione-dei-rifiuti tag-world-service-ambiente-e-pulizia has-post-title has-post-date has-post-category has-post-tag has-post-comment has-post-author \">\n\t    \n\t\t\t\t<figure class=\"post-image tf_clearfix\">\n\t\t\t    \t\t\t\t\t\t\t\t<a href=\"https:\/\/worldservice.it\/index.php\/2025\/11\/19\/settimana-europea-per-la-riduzione-dei-rifiuti\/\">\n\t\t\t\t\t\t\t\t<img decoding=\"async\" loading=\"lazy\" src=\"https:\/\/worldservice.it\/wp-content\/uploads\/2025\/10\/1911-WS-Sito-826x470.jpg\" width=\"826\" height=\"470\" class=\"wp-post-image wp-image-1827\" title=\"1911-WS-Sito\" alt=\"1911-WS-Sito\" srcset=\"https:\/\/worldservice.it\/wp-content\/uploads\/2025\/10\/1911-WS-Sito.jpg 826w, https:\/\/worldservice.it\/wp-content\/uploads\/2025\/10\/1911-WS-Sito-300x171.jpg 300w, https:\/\/worldservice.it\/wp-content\/uploads\/2025\/10\/1911-WS-Sito-768x437.jpg 768w\" sizes=\"(max-width: 826px) 100vw, 826px\" \/>\t\t\t\t\t\t\t\t    \t\t\t\t<\/a>\n\t\t\t\t\t\t\t    \t\t\t<\/figure>\n\t\t\t\t<div class=\"post-content\">\n\t\t<div class=\"post-content-inner\">\n\n\t\t\t\t\t\t\t\t<div class=\"post-date-wrap post-date-inline\">\n\t\t<time class=\"post-date entry-date updated\" datetime=\"2025-11-19\">\n\t\t\t\t\t<span class=\"year\">Novembre 19, 2025<\/span>\n\t\t\t\t<\/time>\n\t<\/div><!-- .post-date-wrap -->\n\t\t\t\t\n\t\t\t<h2 class=\"post-title entry-title\"><a href=\"https:\/\/worldservice.it\/index.php\/2025\/11\/19\/settimana-europea-per-la-riduzione-dei-rifiuti\/\"><strong>Settimana Europea per la Riduzione dei Rifiuti<\/strong><\/a><\/h2>\n\t\t\t\n\t\t\t\n\t\t\t\t<div class=\"entry-content\">\n\n        \n\t\t<p>Dal 22 al 30 novembre 2025 torna la Settimana Europea per la Riduzione dei Rifiuti (EWWR), un\u2019iniziativa che promuove le buone pratiche legate alle 3 R: Riduzione, Riuso e Riciclo. Il tema di quest\u2019anno \u00e8 dedicato ai rifiuti elettrici ed elettronici (WEEE), tra i pi\u00f9 complessi da gestire e tra i pi\u00f9 impattanti sull\u2019ambiente. Questa [&hellip;]<\/p>\n\n\t\t\n\t    \n\t<\/div><!-- \/.entry-content -->\n\t\n\t\t<\/div>\n\t\t<!-- \/.post-content-inner -->\n\t<\/div>\n\t<!-- \/.post-content -->\n\t\n<\/article>\n<!-- \/.post -->\n<article id=\"post-1823\" class=\"post tf_clearfix post-1823 type-post status-publish format-standard has-post-thumbnail hentry category-news tag-ambiente tag-cassoni-scarrabili tag-world-service-ambiente-e-pulizia has-post-title has-post-date has-post-category has-post-tag has-post-comment has-post-author \">\n\t    \n\t\t\t\t<figure class=\"post-image tf_clearfix\">\n\t\t\t    \t\t\t\t\t\t\t\t<a href=\"https:\/\/worldservice.it\/index.php\/2025\/10\/01\/gestione-rifiuti-semplice-e-organizzata-con-il-nostro-servizio-di-noleggio-cassoni\/\">\n\t\t\t\t\t\t\t\t<img decoding=\"async\" loading=\"lazy\" src=\"https:\/\/worldservice.it\/wp-content\/uploads\/2025\/09\/2008-WS-blog-826x470.jpg\" width=\"826\" height=\"470\" class=\"wp-post-image wp-image-1824\" title=\"2008-WS-blog\" alt=\"2008-WS-blog\" srcset=\"https:\/\/worldservice.it\/wp-content\/uploads\/2025\/09\/2008-WS-blog-826x470.jpg 826w, https:\/\/worldservice.it\/wp-content\/uploads\/2025\/09\/2008-WS-blog-300x171.jpg 300w, https:\/\/worldservice.it\/wp-content\/uploads\/2025\/09\/2008-WS-blog-768x437.jpg 768w, https:\/\/worldservice.it\/wp-content\/uploads\/2025\/09\/2008-WS-blog.jpg 827w\" sizes=\"(max-width: 826px) 100vw, 826px\" \/>\t\t\t\t\t\t\t\t    \t\t\t\t<\/a>\n\t\t\t\t\t\t\t    \t\t\t<\/figure>\n\t\t\t\t<div class=\"post-content\">\n\t\t<div class=\"post-content-inner\">\n\n\t\t\t\t\t\t\t\t<div class=\"post-date-wrap post-date-inline\">\n\t\t<time class=\"post-date entry-date updated\" datetime=\"2025-10-01\">\n\t\t\t\t\t<span class=\"year\">Ottobre 1, 2025<\/span>\n\t\t\t\t<\/time>\n\t<\/div><!-- .post-date-wrap -->\n\t\t\t\t\n\t\t\t<h2 class=\"post-title entry-title\"><a href=\"https:\/\/worldservice.it\/index.php\/2025\/10\/01\/gestione-rifiuti-semplice-e-organizzata-con-il-nostro-servizio-di-noleggio-cassoni\/\">Gestione rifiuti semplice e organizzata con il nostro servizio di noleggio cassoni<\/a><\/h2>\n\t\t\t\n\t\t\t\n\t\t\t\t<div class=\"entry-content\">\n\n        \n\t\t<p>Gestire correttamente i rifiuti richiede organizzazione, strumenti adeguati e affidabilit\u00e0. Per questo offriamo un servizio di noleggio cassoni scarrabili\u00a0pensato per supportare aziende, cantieri, attivit\u00e0 commerciali e operazioni di sgombero o pulizia straordinaria.Il nostro obiettivo \u00e8 semplificare la gestione dei materiali di scarto, offrendo soluzioni pratiche e flessibili, nel rispetto delle normative vigenti. Siamo al fianco [&hellip;]<\/p>\n\n\t\t\n\t    \n\t<\/div><!-- \/.entry-content -->\n\t\n\t\t<\/div>\n\t\t<!-- \/.post-content-inner -->\n\t<\/div>\n\t<!-- \/.post-content -->\n\t\n<\/article>\n<!-- \/.post -->\n<article id=\"post-1818\" class=\"post tf_clearfix post-1818 type-post status-publish format-standard has-post-thumbnail hentry category-news tag-ambiente tag-differenziare tag-pulizia tag-raccolta-differenziata tag-raccolta-rifiuti tag-sanificazione tag-world-service-ambiente-e-pulizia has-post-title has-post-date has-post-category has-post-tag has-post-comment has-post-author \">\n\t    \n\t\t\t\t<figure class=\"post-image tf_clearfix\">\n\t\t\t    \t\t\t\t\t\t\t\t<a href=\"https:\/\/worldservice.it\/index.php\/2025\/09\/17\/pulizia-di-parcheggi-garage-e-spazi-esterni\/\">\n\t\t\t\t\t\t\t\t<img decoding=\"async\" loading=\"lazy\" src=\"https:\/\/worldservice.it\/wp-content\/uploads\/2025\/08\/1709-WS-blog-826x470.jpg\" width=\"826\" height=\"470\" class=\"wp-post-image wp-image-1819\" title=\"1709-WS-blog\" alt=\"1709-WS-blog\" srcset=\"https:\/\/worldservice.it\/wp-content\/uploads\/2025\/08\/1709-WS-blog.jpg 826w, https:\/\/worldservice.it\/wp-content\/uploads\/2025\/08\/1709-WS-blog-300x171.jpg 300w, https:\/\/worldservice.it\/wp-content\/uploads\/2025\/08\/1709-WS-blog-768x437.jpg 768w\" sizes=\"(max-width: 826px) 100vw, 826px\" \/>\t\t\t\t\t\t\t\t    \t\t\t\t<\/a>\n\t\t\t\t\t\t\t    \t\t\t<\/figure>\n\t\t\t\t<div class=\"post-content\">\n\t\t<div class=\"post-content-inner\">\n\n\t\t\t\t\t\t\t\t<div class=\"post-date-wrap post-date-inline\">\n\t\t<time class=\"post-date entry-date updated\" datetime=\"2025-09-17\">\n\t\t\t\t\t<span class=\"year\">Settembre 17, 2025<\/span>\n\t\t\t\t<\/time>\n\t<\/div><!-- .post-date-wrap -->\n\t\t\t\t\n\t\t\t<h2 class=\"post-title entry-title\"><a href=\"https:\/\/worldservice.it\/index.php\/2025\/09\/17\/pulizia-di-parcheggi-garage-e-spazi-esterni\/\"><strong>Pulizia di parcheggi, garage e spazi esterni<\/strong><\/a><\/h2>\n\t\t\t\n\t\t\t\n\t\t\t\t<div class=\"entry-content\">\n\n        \n\t\t<p>Gli spazi esterni parlano della tua azienda, ancora prima della reception.\u00a0 Noi di World Service offriamo interventi di\u00a0pulizia per parcheggi, garage, cortili e aree esterne, progettati per garantire ordine, sicurezza e decoro negli spazi che spesso vengono trascurati. \ud83d\udd39&nbsp;Rimozione fogliame, polveri e detriti\ud83d\udd39&nbsp;Pulizia di griglie, pozzetti e pavimentazioni\ud83d\udd39&nbsp;Interventi programmati o straordinari, anche in ambito condominiale [&hellip;]<\/p>\n\n\t\t\n\t    \n\t<\/div><!-- \/.entry-content -->\n\t\n\t\t<\/div>\n\t\t<!-- \/.post-content-inner -->\n\t<\/div>\n\t<!-- \/.post-content -->\n\t\n<\/article>\n<!-- \/.post -->\n    <\/div><!-- .builder-posts-wrap -->\n            <link rel=\"prefetch\" as=\"document\" href=\"https:\/\/worldservice.it\/index.php\/wp-json\/wp\/v2\/pages\/35\/page\/2\/\"\/><div class=\"pagenav tf_clear tf_box tf_textr tf_clearfix\"> <span class=\"number current\">1<\/span>  <a href=\"https:\/\/worldservice.it\/index.php\/wp-json\/wp\/v2\/pages\/35\/page\/2\/\" class=\"number\">2<\/a>  <a href=\"https:\/\/worldservice.it\/index.php\/wp-json\/wp\/v2\/pages\/35\/page\/3\/\" class=\"number\">3<\/a>  <a href=\"https:\/\/worldservice.it\/index.php\/wp-json\/wp\/v2\/pages\/35\/page\/4\/\" class=\"number\">4<\/a> <a href=\"https:\/\/worldservice.it\/index.php\/wp-json\/wp\/v2\/pages\/35\/page\/2\/\"  class=\"number nextp\">&rsaquo;<\/a><a href=\"https:\/\/worldservice.it\/index.php\/wp-json\/wp\/v2\/pages\/35\/page\/23\/\" title=\"&raquo;\" class=\"number lastp\">&raquo;<\/a><\/div>        <\/div>\n    <!-- \/module post -->\n\t        <\/div>\n\t    \t<\/div>\n\t\t    <\/div>\n\t    <!-- \/row_inner -->\n\t<\/div>\n\t<!-- \/module_row -->\n\t<\/div>\n<!--\/themify_builder_content-->","protected":false},"excerpt":{"rendered":"","protected":false},"author":1,"featured_media":0,"parent":0,"menu_order":0,"comment_status":"closed","ping_status":"closed","template":"","meta":[],"builder_content":"","_links":{"self":[{"href":"https:\/\/worldservice.it\/index.php\/wp-json\/wp\/v2\/pages\/35"}],"collection":[{"href":"https:\/\/worldservice.it\/index.php\/wp-json\/wp\/v2\/pages"}],"about":[{"href":"https:\/\/worldservice.it\/index.php\/wp-json\/wp\/v2\/types\/page"}],"author":[{"embeddable":true,"href":"https:\/\/worldservice.it\/index.php\/wp-json\/wp\/v2\/users\/1"}],"replies":[{"embeddable":true,"href":"https:\/\/worldservice.it\/index.php\/wp-json\/wp\/v2\/comments?post=35"}],"version-history":[{"count":7,"href":"https:\/\/worldservice.it\/index.php\/wp-json\/wp\/v2\/pages\/35\/revisions"}],"predecessor-version":[{"id":855,"href":"https:\/\/worldservice.it\/index.php\/wp-json\/wp\/v2\/pages\/35\/revisions\/855"}],"wp:attachment":[{"href":"https:\/\/worldservice.it\/index.php\/wp-json\/wp\/v2\/media?parent=35"}],"curies":[{"name":"wp","href":"https:\/\/api.w.org\/{rel}","templated":true}]}}