{"id":362,"date":"2020-05-07T17:05:17","date_gmt":"2020-05-07T17:05:17","guid":{"rendered":"https:\/\/world-service.it\/index.php\/about-copy\/"},"modified":"2024-02-28T10:35:18","modified_gmt":"2024-02-28T10:35:18","slug":"chi-siamo","status":"publish","type":"page","link":"https:\/\/worldservice.it\/index.php\/chi-siamo\/","title":{"rendered":"Chi Siamo"},"content":{"rendered":"<!--themify_builder_content-->\n<div id=\"themify_builder_content-362\" data-postid=\"362\" class=\"themify_builder_content themify_builder_content-362 themify_builder tf_clear\">\n    \t<!-- module_row -->\n\t<div  data-css_id=\"gv0t062\" data-lazy=\"1\" class=\"module_row themify_builder_row fullcover fullwidth_row_container tb_gv0t062 tb_first tf_clearfix wow\" data-tf-animation=\"fadeIn\" >\n\t    <div class=\"builder_row_cover tf_abs\"><\/div>\t\t<div class=\"row_inner col_align_top col-count-1 tf_box tf_w tf_rel\">\n\t\t\t<div  data-lazy=\"1\" class=\"module_column tb-column col-full first tb_nb2j399 tf_box\">\n\t\t\t    \t<\/div>\n\t\t    <\/div>\n\t    <!-- \/row_inner -->\n\t<\/div>\n\t<!-- \/module_row -->\n\t\t<!-- module_row -->\n\t<div  data-lazy=\"1\" class=\"module_row themify_builder_row tb_nm9e520 tf_clearfix\" >\n\t    \t\t<div class=\"row_inner col_align_middle col-count-1 tf_box tf_w tf_rel\">\n\t\t\t<div  data-lazy=\"1\" class=\"module_column tb-column col-full first tb_zyer909 tf_box\">\n\t\t\t    \t        <div class=\"tb-column-inner tf_box tf_w\">\n\t\t    <!-- module text -->\n<div  class=\"module module-text tb_953a630    wow\" data-tf-animation=\"fadeInRight\" data-lazy=\"1\">\n        <div  class=\"tb_text_wrap\">\n    <h2>LA NOSTRA STORIA<\/h2>\n<p>La World Service S.R.L nasce nel 1996. I punti cardine che da sempre contraddistinguono la nostra societ\u00e0, che opera ormai da oltre 20 anni, sono la cultura della legalit\u00e0, la cura del cliente, l\u2019impegno, la professionalit\u00e0, la qualit\u00e0, il rispetto per l\u2019ambiente, la sicurezza e la salvaguardia dei propri dipendenti.\u00a0<\/p>\n<p>L&#8217;obiettivo \u00e8 quello di fornire quei servizi che migliorano la pulizia e la vivibilit\u00e0 dei nostri territori e la sostenibilit\u00e0 delle attivit\u00e0 che su di essi gravano , ricavandone grandi benefici in termini di qualit\u00e0 della vita.\u00a0<\/p>    <\/div>\n<\/div>\n<!-- \/module text -->\t        <\/div>\n\t    \t<\/div>\n\t\t    <\/div>\n\t    <!-- \/row_inner -->\n\t<\/div>\n\t<!-- \/module_row -->\n\t\t<!-- module_row -->\n\t<div  data-lazy=\"1\" class=\"module_row themify_builder_row fullcover tb_eudp720 tf_clearfix\" >\n\t    <div class=\"builder_row_cover tf_abs\"><\/div>\t\t<div class=\"row_inner col_align_top col-count-1 tf_box tf_w tf_rel\">\n\t\t\t<div  data-lazy=\"1\" class=\"module_column tb-column col-full first tb_pz71929 tf_box\">\n\t\t\t    \t        <div class=\"tb-column-inner tf_box tf_w\">\n\t\t    <!-- module text -->\n<div  class=\"module module-text tb_go2z066    wow\" data-tf-animation=\"fadeInUp\" data-lazy=\"1\">\n        <div  class=\"tb_text_wrap\">\n    <h2>Certificazioni<\/h2>\n<p>La World Service srl ha acquisito le pi\u00f9 importati certificazioni del settore e si impegna costantemente ad aggiornarle<\/p>    <\/div>\n<\/div>\n<!-- \/module text --><div  class=\"module tf_clearfix themify_builder_slider_wrap module-slider tb_ujfg150  slider-default themify_builder_slider_vertical \" data-lazy=\"1\">\n        <div class=\"themify_builder_slider tf_carousel tf_swiper-container tf_rel tf_overflow\" data-lazy=\"1\"\t\t    data-tbreakpoints=\"1024\"\n\t\t    data-mbreakpoints=\"480\"\n\tdata-visible=\"3\"\n\tdata-tab-visible=\"1\"\n\tdata-mob-visible=\"1\"\n\tdata-scroll=\"1\"\n\t\t    \t\t\t    data-nav_out=\"1\"\n\t\t    \t\t    \t\t\t    data-auto=\"3000\"\n\t\t\t    data-controller=\"0\"\n\t\t\t    data-pause_hover=\"1\"\n\t\t    \tdata-speed=\"1\"\n\tdata-wrapvar=\"1\"\n\tdata-slider_nav=\"1\"\n\tdata-pager=\"0\"\n\tdata-effect=\"scroll\" \n\tdata-height=\"auto\"\n\tdata-horizontal=\"0\"\n\t\t    data-css_url=\"https:\/\/worldservice.it\/wp-content\/themes\/themify-ultra\/themify\/themify-builder\/css\/modules\/sliders\/carousel.css,https:\/\/worldservice.it\/wp-content\/themes\/themify-ultra\/themify\/themify-builder\/css\/modules\/sliders\/slider.css\"\n\t>\n\t\t    <div class=\"tf_swiper-wrapper tf_lazy tf_rel tf_w tf_h tf_textc\">\n\t                 <div class=\"tf_swiper-slide\">\n            <div class=\"slide-inner-wrap\" style=\"margin-left:25px;margin-right:25px;\">\n                <div class=\"slide-content tb_text_wrap\">\n                    <h4>CERTIFICATO DEL SISTEMA DI GESTIONE PER LA QUALITA&#8217;<\/h4>\n<p>\u00a0UNI EN ISO 9001:2015<\/p>                <\/div><!-- \/slide-content -->\n            <\/div>\n        <\/div>\n             <div class=\"tf_swiper-slide\">\n            <div class=\"slide-inner-wrap\" style=\"margin-left:25px;margin-right:25px;\">\n                <div class=\"slide-content tb_text_wrap\">\n                    <h4>CERTIFICATO SISTEMA DI GESTIONE SICUREZZA<\/h4>\n<p>OHSAS 18001\/2007<\/p>                <\/div><!-- \/slide-content -->\n            <\/div>\n        <\/div>\n             <div class=\"tf_swiper-slide\">\n            <div class=\"slide-inner-wrap\" style=\"margin-left:25px;margin-right:25px;\">\n                <div class=\"slide-content tb_text_wrap\">\n                    <h4>CERTIFICATO SISTEMA DI GESTIONE AMBIENTALE<\/h4>\n<p>UNI EN ISO 14001:2014<\/p>                <\/div><!-- \/slide-content -->\n            <\/div>\n        <\/div>\n             <div class=\"tf_swiper-slide\">\n            <div class=\"slide-inner-wrap\" style=\"margin-left:25px;margin-right:25px;\">\n                <div class=\"slide-content tb_text_wrap\">\n                    <h5>CERTIFICATO SISTEMA DI GESTIONE DELLA RESPONSABILIT\u00c0 SOCIALE<\/h5>\n<p>SA 8000:2014<\/p>                <\/div><!-- \/slide-content -->\n            <\/div>\n        <\/div>\n    \t\t    <\/div>\n    <\/div>\n<\/div>\n\t        <\/div>\n\t    \t<\/div>\n\t\t    <\/div>\n\t    <!-- \/row_inner -->\n\t<\/div>\n\t<!-- \/module_row -->\n\t\t<!-- module_row -->\n\t<div  data-lazy=\"1\" class=\"module_row themify_builder_row tb_1dg0320 tf_clearfix\" >\n\t    \t\t<div class=\"row_inner col_align_middle col-count-2 tf_box tf_w tf_rel\"  data-basecol=\"2\" data-col_mobile=\"column-full\">\n\t\t\t<div  data-lazy=\"1\" style=\"width: 50.1236%\" class=\"module_column tb-column col4-2 first tb_k4lg060 tf_box\">\n\t\t\t    \t        <div class=\"tb-column-inner tf_box tf_w\">\n\t\t    <!-- module text -->\n<div  class=\"module module-text tb_bd3o086    wow\" data-tf-animation=\"fadeInLeft\" data-lazy=\"1\">\n        <div  class=\"tb_text_wrap\">\n    <h2>Competenze<\/h2>\n<ul>\n<li>Albo Nazionale gestori ambientali<\/li>\n<li>Fascia di classificazione e dell&#8217;impresa di pulizie<\/li>\n<\/ul>    <\/div>\n<\/div>\n<!-- \/module text -->\t        <\/div>\n\t    \t<\/div>\n\t\t<div  data-lazy=\"1\" style=\"width: 46.6767%\" class=\"module_column tb-column col4-2 last tb_lz2f396 tf_box\">\n\t\t\t    \t        <div class=\"tb-column-inner tf_box tf_w\">\n\t\t    <!-- module image -->\n<div  class=\"module module-image tb_yxui061   image-top tf_mw wow\" data-tf-animation=\"fadeInRight\" data-lazy=\"1\">\n        <div class=\"image-wrap tf_rel tf_mw\">\n\t\t    <img decoding=\"async\" loading=\"lazy\" width=\"540\" height=\"540\" src=\"https:\/\/worldservice.it\/wp-content\/uploads\/2020\/05\/competenze.jpg\" class=\"wp-post-image wp-image-439\" title=\"competenze\" alt=\"competenze\" srcset=\"https:\/\/worldservice.it\/wp-content\/uploads\/2020\/05\/competenze.jpg 540w, https:\/\/worldservice.it\/wp-content\/uploads\/2020\/05\/competenze-300x300.jpg 300w, https:\/\/worldservice.it\/wp-content\/uploads\/2020\/05\/competenze-150x150.jpg 150w\" sizes=\"(max-width: 540px) 100vw, 540px\" \/>\t\n\t\t<\/div>\n\t<!-- \/image-wrap -->\n    \n    \t<\/div>\n<!-- \/module image -->\t        <\/div>\n\t    \t<\/div>\n\t\t    <\/div>\n\t    <!-- \/row_inner -->\n\t<\/div>\n\t<!-- \/module_row -->\n\t\t<!-- module_row -->\n\t<div  data-lazy=\"1\" class=\"module_row themify_builder_row builder-zoom-scrolling tb_h3s6729 tf_clearfix\" >\n\t    \t\t<div class=\"row_inner col_align_top col-count-2 tf_box tf_w tf_rel\">\n\t\t\t<div  data-lazy=\"1\" class=\"module_column tb-column col4-3 first tb_qm38729 tf_box\">\n\t\t\t    \t        <div class=\"tb-column-inner tf_box tf_w\">\n\t\t    <!-- module text -->\n<div  class=\"module module-text tb_p3fm730   \" data-lazy=\"1\">\n        <div  class=\"tb_text_wrap\">\n    <h3>Chiedi un preventivo gratuito e senza impegno<\/h3>    <\/div>\n<\/div>\n<!-- \/module text -->\t        <\/div>\n\t    \t<\/div>\n\t\t<div  data-lazy=\"1\" class=\"module_column tb-column col4-1 last tb_ubs3730 tf_box\">\n\t\t\t    \t        <div class=\"tb-column-inner tf_box tf_w\">\n\t\t    <!-- module buttons -->\n<div  class=\"module module-buttons tb_54xn730 buttons-horizontal outline  circle\" data-lazy=\"1\">\n    \t<div class=\"module-buttons-item tf_inline_b\">\n\t\t\t\t\t\t\t<a href=\"https:\/\/worldservice.it\/index.php\/preventivo\/\" class=\"ui builder_button tb_default_color\" >\n\t\t\t\t\t\t\t\t\t\t\t<span class=\"tf_inline_b tf_vmiddle\">PREVENTIVO<\/span>\n\t\t\t\t\t\t\t\t\t\t\t<\/a>\n\t\t\t    \t<\/div>\n\t<\/div>\n<!-- \/module buttons -->\n\t        <\/div>\n\t    \t<\/div>\n\t\t    <\/div>\n\t    <!-- \/row_inner -->\n\t<\/div>\n\t<!-- \/module_row -->\n\t\t<!-- module_row -->\n\t<div  data-anchor=\"contattaci\" data-lazy=\"1\" class=\"module_row themify_builder_row tb_has_section tb_section-contattaci tb_herg454 tf_clearfix\" >\n\t    \t\t<div class=\"row_inner col_align_top col-count-2 tf_box tf_w tf_rel\"  data-basecol=\"2\" data-col_mobile=\"column-full\">\n\t\t\t<div  data-lazy=\"1\" style=\"width: 41.8%\" class=\"module_column tb-column col3-1 first tb_z431455 tf_box\">\n\t\t\t    \t        <div class=\"tb-column-inner tf_box tf_w\">\n\t\t    \t<div  data-lazy=\"1\" class=\"module_subrow themify_builder_sub_row tb_gaoz456 tf_w tf_clearfix\">\n\t    \t\t<div class=\"subrow_inner col_align_top col-count-1 tf_box tf_w\">\n\t\t\t<div  data-lazy=\"1\" class=\"sub_column module_column tf_box col-full first tb_0u5h456\"> \n\t    \t    \t<\/div>\n\t\t    <\/div>\n\t<\/div><!-- \/themify_builder_sub_row -->\n\t\t<div  data-lazy=\"1\" class=\"module_subrow themify_builder_sub_row tb_zej5457 tf_w tf_clearfix\">\n\t    \t\t<div class=\"subrow_inner col_align_top col-count-3 tf_box tf_w\"  data-basecol=\"3\" data-col_mobile=\"column-full\">\n\t\t\t<div  style=\"width: 6%\" data-lazy=\"1\" class=\"sub_column module_column tf_box col4-1 first tb_c2db457\"> \n\t    \t    \t<\/div>\n\t\t<div  style=\"width: 82%\" data-lazy=\"1\" class=\"sub_column module_column tf_box col4-2 middle tb_1wlk457 contact-form\" > \n\t    \t    \t        <div class=\"tb-column-inner tf_box tf_w\">\n\t\t    <!-- module text -->\n<div  class=\"module module-text tb_fign458   \" data-lazy=\"1\">\n        <div  class=\"tb_text_wrap\">\n    <h5>WORLD SERVICE SRL<\/h5>\n<div>\u00a0<\/div>    <\/div>\n<\/div>\n<!-- \/module text --><!-- module icon -->\n<div  class=\"module module-icon tb_l3kl458 contact-info small none icon_vertical tf_textl wow\" data-tf-animation=\"fadeInRight\" data-lazy=\"1\">\n    \t    <div class=\"module-icon-item\">\n\t\t\t\t\t\t\t\t\t\t\t\t\t\t\t\t\t<em class=\"ui tf_vmiddle tf_textc tf_box tb_default_color\"><svg  aria-hidden=\"true\" class=\"tf_fa tf-ti-home\"><use href=\"#tf-ti-home\"><\/use><\/svg><\/em>\n\t\t\t\t\t\t\t\t\t\t\t\t                    \t\t\t\t\t<span class=\"tf_vmiddle\">Via Monte Palma, 18 95122 Catania<\/span>\n                                    \t\t\t\t    <\/div>\n\t\t    <div class=\"module-icon-item\">\n\t\t\t\t\t\t\t<a href=\"tel:+390952190664\">\n\t\t\t\t\t\t\t\t\t\t\t\t\t\t\t\t\t<em class=\"ui tf_vmiddle tf_textc tf_box tb_default_color\"><svg  aria-hidden=\"true\" class=\"tf_fa tf-fas-phone\"><use href=\"#tf-fas-phone\"><\/use><\/svg><\/em>\n\t\t\t\t\t\t\t\t\t\t\t\t                    \t\t\t\t\t<span class=\"tf_vmiddle\">(+39) 095 2190664<\/span>\n                                    \t\t\t\t\t\t\t<\/a>\n\t\t\t\t    <\/div>\n\t\t    <div class=\"module-icon-item\">\n\t\t\t\t\t\t\t\t\t\t\t\t\t\t\t\t\t<em class=\"ui tf_vmiddle tf_textc tf_box tb_default_color\"><svg  aria-hidden=\"true\" class=\"tf_fa tf-ti-time\"><use href=\"#tf-ti-time\"><\/use><\/svg><\/em>\n\t\t\t\t\t\t\t\t\t\t\t\t                    \t\t\t\t\t<span class=\"tf_vmiddle\">Lun - Ven 9.00 - 18.00<\/span>\n                                    \t\t\t\t    <\/div>\n\t<\/div>\n<!-- \/module icon -->\n<!-- module text -->\n<div  class=\"module module-text tb_5sqn459   \" data-lazy=\"1\">\n        <div  class=\"tb_text_wrap\">\n    <h5>UFFICIO<\/h5>\n<div class=\"clear-float\" style=\"\n    width:100%;\n    margin:0px auto;\">\n    <\/div>\n<div class=\"huge_it_google_map_container\">\n    <div id=\"huge_it_google_map_8142\" data-map_id=\"2\"\n         class=\"huge_it_google_map\" style=\"\n    position:relative !important;\n    height:300px;\n    width:100%;\n    border-radius:0px;\n    margin:0px auto;\"\n         data-name=\"World Service Mini MAp\"\n         data-type=\"ROADMAP\"\n         data-zoom=\"15\"\n         data-min-zoom=\"0\"\n         data-max-zoom=\"22\"\n         data-locator-enabled=\"0\"\n         data-img-url        =\"https:\/\/worldservice.it\/wp-content\/plugins\/google-maps\/assets\/images\/\"\n         data-border-radius=\"0\"\n         data-center-lat=\"37.5149851\"\n         data-center-lng=\"15.0378679\"\n         data-pan-controller=\"1\"\n         data-zoom-controller=\"1\"\n         data-type-controller=\"1\"\n         data-scale-controller=\"1\"\n         data-street-view-controller=\"1\"\n         data-overview-map-controller=\"1\"\n         data-width=\"100\"\n         data-height=\"300\"\n         data-align=\"center\"\n         data-info-type=\"click\"\n         data-open-infowindows-onload=\"0\"\n         data-animation=\"none\"\n         data-language=\"location based\"\n         data-draggable=\"1\"\n         data-wheel-scroll=\"1\"\n         data-traffic-layer=\"0\"\n         data-bike-layer=\"0\"\n         data-transit-layer=\"0\"\n         data-styling-hue=\"\"\n         data-styling-lightness=\"0\"\n         data-styling-gamma=\"1\"\n         data-styling-saturation=\"0\"><\/div>\n<\/div>\n    <\/div>\n<\/div>\n<!-- \/module text -->\t        <\/div>\n\t    \t<\/div>\n\t\t<div  style=\"width: 5.6%\" data-lazy=\"1\" class=\"sub_column module_column tf_box col4-1 last tb_mxjr459\"> \n\t    \t    \t<\/div>\n\t\t    <\/div>\n\t<\/div><!-- \/themify_builder_sub_row -->\n\t\t        <\/div>\n\t    \t<\/div>\n\t\t<div  data-lazy=\"1\" style=\"width: 55%\" class=\"module_column tb-column col3-2 last tb_jsxf459 tf_box\">\n\t\t\t    \t        <div class=\"tb-column-inner tf_box tf_w\">\n\t\t    \t<div  data-lazy=\"1\" class=\"module_subrow themify_builder_sub_row tb_kbxh460 tf_w tf_clearfix\">\n\t    \t\t<div class=\"subrow_inner col_align_top col-count-1 tf_box tf_w\">\n\t\t\t<div  data-lazy=\"1\" class=\"sub_column module_column tf_box col-full first tb_zsk4460\"> \n\t    \t    \t<\/div>\n\t\t    <\/div>\n\t<\/div><!-- \/themify_builder_sub_row -->\n\t\t<div  data-lazy=\"1\" class=\"module_subrow themify_builder_sub_row tb_fhjt461 tf_w tf_clearfix\">\n\t    \t\t<div class=\"subrow_inner col_align_top col-count-3 tf_box tf_w\"  data-basecol=\"3\" data-col_mobile=\"column-full\">\n\t\t\t<div  style=\"width: 5.1865%\" data-lazy=\"1\" class=\"sub_column module_column tf_box col4-1 first tb_f5e9461\"> \n\t    \t    \t<\/div>\n\t\t<div  style=\"width: 86%\" data-lazy=\"1\" class=\"sub_column module_column tf_box col4-2 middle tb_41t8461 contact-form\" > \n\t    \t    \t        <div class=\"tb-column-inner tf_box tf_w\">\n\t\t    <!-- module text -->\n<div  class=\"module module-text tb_67jz462    wow\" data-tf-animation=\"fadeInUp\" data-lazy=\"1\">\n        <div  class=\"tb_text_wrap\">\n    <h2>Contattaci<\/h2>    <\/div>\n<\/div>\n<!-- \/module text --><!-- module text -->\n<div  class=\"module module-text tb_x323462   \" data-lazy=\"1\">\n        <div  class=\"tb_text_wrap\">\n    <div role=\"form\" class=\"wpcf7\" id=\"wpcf7-f264-o1\" lang=\"it-IT\" dir=\"ltr\">\n<div class=\"screen-reader-response\"><p role=\"status\" aria-live=\"polite\" aria-atomic=\"true\"><\/p> <ul><\/ul><\/div>\n<form action=\"\/index.php\/wp-json\/wp\/v2\/pages\/362#wpcf7-f264-o1\" method=\"post\" class=\"wpcf7-form init\" novalidate=\"novalidate\" data-status=\"init\">\n<div style=\"display: none;\">\n<input type=\"hidden\" name=\"_wpcf7\" value=\"264\" \/>\n<input type=\"hidden\" name=\"_wpcf7_version\" value=\"5.6.3\" \/>\n<input type=\"hidden\" name=\"_wpcf7_locale\" value=\"it_IT\" \/>\n<input type=\"hidden\" name=\"_wpcf7_unit_tag\" value=\"wpcf7-f264-o1\" \/>\n<input type=\"hidden\" name=\"_wpcf7_container_post\" value=\"0\" \/>\n<input type=\"hidden\" name=\"_wpcf7_posted_data_hash\" value=\"\" \/>\n<input type=\"hidden\" name=\"_wpcf7_recaptcha_response\" value=\"\" \/>\n<\/div>\n<p><label> Nome e Cognome (*)<br \/>\n    <span class=\"wpcf7-form-control-wrap\" data-name=\"your-name\"><input type=\"text\" name=\"your-name\" value=\"\" size=\"40\" class=\"wpcf7-form-control wpcf7-text wpcf7-validates-as-required\" aria-required=\"true\" aria-invalid=\"false\" \/><\/span> <\/label><\/p>\n<p><label> Email (*)<br \/>\n    <span class=\"wpcf7-form-control-wrap\" data-name=\"your-email\"><input type=\"email\" name=\"your-email\" value=\"\" size=\"40\" class=\"wpcf7-form-control wpcf7-text wpcf7-email wpcf7-validates-as-required wpcf7-validates-as-email\" aria-required=\"true\" aria-invalid=\"false\" \/><\/span> <\/label><\/p>\n<p><label> Telefono<br \/>\n       <span class=\"wpcf7-form-control-wrap\" data-name=\"tel-255\"><input type=\"tel\" name=\"tel-255\" value=\"\" size=\"40\" class=\"wpcf7-form-control wpcf7-text wpcf7-tel wpcf7-validates-as-tel\" aria-invalid=\"false\" \/><\/span><\/label><\/p>\n<p><label> Messaggio<br \/>\n    <span class=\"wpcf7-form-control-wrap\" data-name=\"your-message\"><textarea name=\"your-message\" cols=\"40\" rows=\"10\" class=\"wpcf7-form-control wpcf7-textarea\" aria-invalid=\"false\"><\/textarea><\/span> <\/label><\/p>\n<p><span class=\"wpcf7-form-control-wrap\" data-name=\"accetta-condizioni\"><span class=\"wpcf7-form-control wpcf7-acceptance\"><span class=\"wpcf7-list-item\"><label><input type=\"checkbox\" name=\"accetta-condizioni\" value=\"1\" aria-invalid=\"false\" \/><span class=\"wpcf7-list-item-label\">Accetta (*)<\/span><\/label><\/span><\/span><\/span> <a href=\"https:\/\/worldservice.it\/index.php\/privacy-cookie\/\"> Termini e Condizioni <\/a><br \/>\n<label> (*) Campi Obbligatori <\/label><\/p>\n<p><input type=\"submit\" value=\"Invia\" class=\"wpcf7-form-control has-spinner wpcf7-submit\" \/><\/p>\n<div class=\"wpcf7-response-output\" aria-hidden=\"true\"><\/div><\/form><\/div>    <\/div>\n<\/div>\n<!-- \/module text -->\t        <\/div>\n\t    \t<\/div>\n\t\t<div  style=\"width: 2.4135%\" data-lazy=\"1\" class=\"sub_column module_column tf_box col4-1 last tb_0lzm462\"> \n\t    \t    \t<\/div>\n\t\t    <\/div>\n\t<\/div><!-- \/themify_builder_sub_row -->\n\t\t        <\/div>\n\t    \t<\/div>\n\t\t    <\/div>\n\t    <!-- \/row_inner -->\n\t<\/div>\n\t<!-- \/module_row -->\n\t<\/div>\n<!--\/themify_builder_content-->","protected":false},"excerpt":{"rendered":"<p>LA NOSTRA STORIA La World Service S.R.L nasce nel 1996. I punti cardine che da sempre contraddistinguono la nostra societ\u00e0, che opera ormai da oltre 20 anni, sono la cultura della legalit\u00e0, la cura del cliente, l\u2019impegno, la professionalit\u00e0, la qualit\u00e0, il rispetto per l\u2019ambiente, la sicurezza e la salvaguardia dei propri dipendenti.\u00a0 L&#8217;obiettivo \u00e8 [&hellip;]<\/p>\n","protected":false},"author":1,"featured_media":0,"parent":0,"menu_order":0,"comment_status":"closed","ping_status":"closed","template":"","meta":[],"builder_content":"<h2>LA NOSTRA STORIA<\/h2> <p>La World Service S.R.L nasce nel 1996. I punti cardine che da sempre contraddistinguono la nostra societ\u00e0, che opera ormai da oltre 20 anni, sono la cultura della legalit\u00e0, la cura del cliente, l\u2019impegno, la professionalit\u00e0, la qualit\u00e0, il rispetto per l\u2019ambiente, la sicurezza e la salvaguardia dei propri dipendenti.\u00a0<\/p> <p>L'obiettivo \u00e8 quello di fornire quei servizi che migliorano la pulizia e la vivibilit\u00e0 dei nostri territori e la sostenibilit\u00e0 delle attivit\u00e0 che su di essi gravano , ricavandone grandi benefici in termini di qualit\u00e0 della vita.\u00a0<\/p>\n<h2>Certificazioni<\/h2> <p>La World Service srl ha acquisito le pi\u00f9 importati certificazioni del settore e si impegna costantemente ad aggiornarle<\/p>\n<h4>CERTIFICATO DEL SISTEMA DI GESTIONE PER LA QUALITA'<\/h4> <p>\u00a0UNI EN ISO 9001:2015<\/p> <h4>CERTIFICATO SISTEMA DI GESTIONE SICUREZZA<\/h4> <p>OHSAS 18001\/2007<\/p> <h4>CERTIFICATO SISTEMA DI GESTIONE AMBIENTALE<\/h4> <p>UNI EN ISO 14001:2014<\/p> <h5>CERTIFICATO SISTEMA DI GESTIONE DELLA RESPONSABILIT\u00c0 SOCIALE<\/h5> <p>SA 8000:2014<\/p>\n<h2>Competenze<\/h2> <ul> <li>Albo Nazionale gestori ambientali<\/li> <li>Fascia di classificazione e dell'impresa di pulizie<\/li> <\/ul>\n<img decoding=\"async\" loading=\"lazy\" width=\"540\" height=\"540\" src=\"https:\/\/worldservice.it\/wp-content\/uploads\/2020\/05\/competenze.jpg\" title=\"competenze\" alt=\"competenze\" srcset=\"https:\/\/worldservice.it\/wp-content\/uploads\/2020\/05\/competenze.jpg 540w, https:\/\/worldservice.it\/wp-content\/uploads\/2020\/05\/competenze-300x300.jpg 300w, https:\/\/worldservice.it\/wp-content\/uploads\/2020\/05\/competenze-150x150.jpg 150w\" sizes=\"(max-width: 540px) 100vw, 540px\" \/>\n<h3>Chiedi un preventivo gratuito e senza impegno<\/h3>\n<a href=\"https:\/\/worldservice.it\/index.php\/preventivo\/\" > PREVENTIVO <\/a>\n<h5>WORLD SERVICE SRL<\/h5> \u00a0\n<em><svg aria-hidden=\"true\"><use href=\"#tf-ti-home\"><\/use><\/svg><\/em> Via Monte Palma, 18 95122 Catania <a href=\"tel:+390952190664\"> <em><svg aria-hidden=\"true\"><use href=\"#tf-fas-phone\"><\/use><\/svg><\/em> (+39) 095 2190664 <\/a> <em><svg aria-hidden=\"true\"><use href=\"#tf-ti-time\"><\/use><\/svg><\/em> Lun - Ven 9.00 - 18.00\n<h5>UFFICIO<\/h5> <p>[huge_it_maps id=\"2\"]<\/p>\n<h2>Contattaci<\/h2>\n<p>[contact-form-7 id=\"264\" title=\"Modulo di contatto\"]<\/p>","_links":{"self":[{"href":"https:\/\/worldservice.it\/index.php\/wp-json\/wp\/v2\/pages\/362"}],"collection":[{"href":"https:\/\/worldservice.it\/index.php\/wp-json\/wp\/v2\/pages"}],"about":[{"href":"https:\/\/worldservice.it\/index.php\/wp-json\/wp\/v2\/types\/page"}],"author":[{"embeddable":true,"href":"https:\/\/worldservice.it\/index.php\/wp-json\/wp\/v2\/users\/1"}],"replies":[{"embeddable":true,"href":"https:\/\/worldservice.it\/index.php\/wp-json\/wp\/v2\/comments?post=362"}],"version-history":[{"count":31,"href":"https:\/\/worldservice.it\/index.php\/wp-json\/wp\/v2\/pages\/362\/revisions"}],"predecessor-version":[{"id":1749,"href":"https:\/\/worldservice.it\/index.php\/wp-json\/wp\/v2\/pages\/362\/revisions\/1749"}],"wp:attachment":[{"href":"https:\/\/worldservice.it\/index.php\/wp-json\/wp\/v2\/media?parent=362"}],"curies":[{"name":"wp","href":"https:\/\/api.w.org\/{rel}","templated":true}]}}